{"id":56,"date":"2020-02-18T11:55:45","date_gmt":"2020-02-18T11:55:45","guid":{"rendered":"https:\/\/demo43.houzez.co\/?page_id=56"},"modified":"2025-06-22T19:35:59","modified_gmt":"2025-06-22T19:35:59","slug":"agents","status":"publish","type":"page","link":"https:\/\/galerijanekretnina.me\/sr_me\/agents\/","title":{"rendered":"Agenti"},"content":{"rendered":"<div data-elementor-type=\"wp-page\" data-elementor-id=\"56\" class=\"elementor elementor-56\">\n\t\t\t\t<div class=\"elementor-element elementor-element-50eec2d e-flex e-con-boxed e-con e-parent\" data-id=\"50eec2d\" data-element_type=\"container\">\n\t\t\t\t\t<div class=\"e-con-inner\">\n\t\t<div class=\"elementor-element elementor-element-f5c615e e-con-full e-flex e-con e-child\" data-id=\"f5c615e\" data-element_type=\"container\" data-settings=\"{&quot;background_background&quot;:&quot;classic&quot;}\">\n\t\t<div class=\"elementor-element elementor-element-400ce7c e-con-full e-flex e-con e-child\" data-id=\"400ce7c\" data-element_type=\"container\">\n\t\t\t\t<div class=\"elementor-element elementor-element-a754b62 elementor-widget elementor-widget-houzez-property-breadcrumb\" data-id=\"a754b62\" data-element_type=\"widget\" data-widget_type=\"houzez-property-breadcrumb.default\">\n\t\t\t\t<div class=\"elementor-widget-container\">\n\t\t\t\t\t<div class=\"breadcrumb-wrap\"><ol class=\"breadcrumb\"><li class=\"breadcrumb-item breadcrumb-item-home\"><i class=\"houzez-icon icon-house\"><\/i><a href=\"https:\/\/galerijanekretnina.me\/sr_me\/\">Po\u010detna<\/a><\/li><li class=\"breadcrumb-item active\">Pages<\/li><\/ol><\/div>\t\t\t\t<\/div>\n\t\t\t\t<\/div>\n\t\t\t\t<div class=\"elementor-element elementor-element-b75212a elementor-widget elementor-widget-heading\" data-id=\"b75212a\" data-element_type=\"widget\" data-widget_type=\"heading.default\">\n\t\t\t\t<div class=\"elementor-widget-container\">\n\t\t\t\t\t<h1 class=\"elementor-heading-title elementor-size-default\">Our Agents<\/h1>\t\t\t\t<\/div>\n\t\t\t\t<\/div>\n\t\t\t\t<div class=\"elementor-element elementor-element-010fea2 elementor-widget elementor-widget-text-editor\" data-id=\"010fea2\" data-element_type=\"widget\" data-widget_type=\"text-editor.default\">\n\t\t\t\t<div class=\"elementor-widget-container\">\n\t\t\t\t\t\t\t\t\t<p>Mi nismo samo agenti \u2014 mi smo pouzdani savjetnici posve\u0107eni tome da vam pomognemo da donesete sigurne i informisane odluke o nekretninama. Sa decenijama zajedni\u010dkog iskustva, specijalizovani smo za to da svaka kupovina, prodaja ili investicija protekne glatko, strate\u0161ki i bez stresa.<\/p>\t\t\t\t\t\t\t\t<\/div>\n\t\t\t\t<\/div>\n\t\t\t\t<\/div>\n\t\t<div class=\"elementor-element elementor-element-d8a09aa e-con-full e-flex e-con e-child\" data-id=\"d8a09aa\" data-element_type=\"container\">\n\t\t\t\t<div class=\"elementor-element elementor-element-613be33 elementor-widget elementor-widget-houzez_elementor_agents_grid\" data-id=\"613be33\" data-element_type=\"widget\" data-widget_type=\"houzez_elementor_agents_grid.default\">\n\t\t\t\t<div class=\"elementor-widget-container\">\n\t\t\t\t\t\n        <div class=\"agent-v3-grid-module agents-grid-view agent-v2-grid-module agents-grid-view row row-cols-1 row-cols-md-2 row-cols-lg-3 row-cols-xl-3 g-3\">\n        \n            <article class=\"agent-grid-container\">\n\t<div class=\"agent-grid-wrap agent-grid-wrap-v2\">\t\n\t\t<header class=\"agent-grid-image-wrap text-center\">\n\t\t\t<a class=\"agent-grid-image d-block\" href=\"https:\/\/galerijanekretnina.me\/sr_me\/agent\/milos-barjaktarovic\/\">\n\t\t\t\t<img fetchpriority=\"high\" decoding=\"async\" width=\"512\" height=\"512\" src=\"https:\/\/galerijanekretnina.me\/wp-content\/uploads\/2025\/06\/favicon_512x512.png\" class=\"img-fluid wp-post-image\" alt=\"favicon 512x512\" \/>\t\t\t\t\n<span class=\"badge btn-secondary agent-verified-badge\">\n    <i class=\"houzez-icon icon-check-circle-1 me-1\"><\/i> Verified<\/span> \n\n\t\t\t\t\t\t\t<\/a>\n\t\t\t<h2 class=\"mt-4 mb-1\"><a href=\"https:\/\/galerijanekretnina.me\/sr_me\/agent\/milos-barjaktarovic\/\">Milos Barjaktarovic<\/a><\/h2>\n\t\t\t\t\t\t<div class=\"agent-list-position mb-3\" role=\"text\">Real Estate Agent<\/div>\n\t\t\t\t\t<\/header>\n\t\t<div class=\"agent-grid-content-wrap text-center p-3\">\n\t\t\t<ul class=\"agent-list-contact list-unstyled\">\n\t\t\t\t\t\t\t\t<li class=\"agent-listings-count\">Properties: <strong>20<\/strong><\/li>\n\t\t\t\t\n\t\t\t\t\t\t\t\t<li class=\"agent-languages-list\">Language: <strong>English<\/strong><\/li>\n\t\t\t\t\t\t\t<\/ul>\n\t\t\t<a class=\"btn btn-primary-outlined w-100\" href=\"https:\/\/galerijanekretnina.me\/sr_me\/agent\/milos-barjaktarovic\/\" role=\"button\">\n\t\t\t\tView Profile<\/a>\n\t\t<\/div>\n\t<\/div>\n<\/article>        <\/div><!-- agent-module -->\n\n        \n        \t\t\t\t<\/div>\n\t\t\t\t<\/div>\n\t\t\t\t<\/div>\n\t\t\t\t<\/div>\n\t\t\t\t\t<\/div>\n\t\t\t\t<\/div>\n\t\t\t\t<\/div>","protected":false},"excerpt":{"rendered":"<p>Our Agents We\u2019re more than agents\u2014we\u2019re trusted guides committed to helping you make confident, informed real estate decisions. With decades of combined experience, we specialize in making every buying, selling, or investing journey smooth, strategic, and stress-free. Verified Patricia Fuller Real Estate Agent Properties: 2 Language: English, Spanish, French View Profile Brittany Watkins Company Agent [&hellip;]<\/p>","protected":false},"author":1,"featured_media":0,"parent":0,"menu_order":0,"comment_status":"closed","ping_status":"closed","template":"elementor_header_footer","meta":{"content-type":"","_monsterinsights_skip_tracking":false,"_monsterinsights_sitenote_active":false,"_monsterinsights_sitenote_note":"","_monsterinsights_sitenote_category":0,"footnotes":""},"class_list":["post-56","page","type-page","status-publish","hentry"],"_links":{"self":[{"href":"https:\/\/galerijanekretnina.me\/sr_me\/wp-json\/wp\/v2\/pages\/56","targetHints":{"allow":["GET"]}}],"collection":[{"href":"https:\/\/galerijanekretnina.me\/sr_me\/wp-json\/wp\/v2\/pages"}],"about":[{"href":"https:\/\/galerijanekretnina.me\/sr_me\/wp-json\/wp\/v2\/types\/page"}],"author":[{"embeddable":true,"href":"https:\/\/galerijanekretnina.me\/sr_me\/wp-json\/wp\/v2\/users\/1"}],"replies":[{"embeddable":true,"href":"https:\/\/galerijanekretnina.me\/sr_me\/wp-json\/wp\/v2\/comments?post=56"}],"version-history":[{"count":1,"href":"https:\/\/galerijanekretnina.me\/sr_me\/wp-json\/wp\/v2\/pages\/56\/revisions"}],"predecessor-version":[{"id":20039,"href":"https:\/\/galerijanekretnina.me\/sr_me\/wp-json\/wp\/v2\/pages\/56\/revisions\/20039"}],"wp:attachment":[{"href":"https:\/\/galerijanekretnina.me\/sr_me\/wp-json\/wp\/v2\/media?parent=56"}],"curies":[{"name":"wp","href":"https:\/\/api.w.org\/{rel}","templated":true}]}}