{"id":17149,"date":"2020-03-02T23:33:27","date_gmt":"2020-03-02T23:33:27","guid":{"rendered":"https:\/\/demo43.houzez.co\/?page_id=17149"},"modified":"2025-07-01T17:37:18","modified_gmt":"2025-07-01T15:37:18","slug":"inquiry-form","status":"publish","type":"page","link":"https:\/\/galerijanekretnina.me\/sr_me\/inquiry-form\/","title":{"rendered":"Inquiry Form"},"content":{"rendered":"<div data-elementor-type=\"wp-page\" data-elementor-id=\"17149\" class=\"elementor elementor-17149\">\n\t\t\t\t<div class=\"elementor-element elementor-element-fedb67d e-flex e-con-boxed elementor-invisible e-con e-parent\" data-id=\"fedb67d\" data-element_type=\"container\" data-settings=\"{&quot;background_background&quot;:&quot;classic&quot;,&quot;animation&quot;:&quot;fadeIn&quot;}\">\n\t\t\t\t\t<div class=\"e-con-inner\">\n\t\t<div class=\"elementor-element elementor-element-0ea31fd e-con-full e-flex e-con e-child\" data-id=\"0ea31fd\" data-element_type=\"container\">\n\t\t\t\t<div class=\"elementor-element elementor-element-a1403aa elementor-widget elementor-widget-heading\" data-id=\"a1403aa\" data-element_type=\"widget\" data-widget_type=\"heading.default\">\n\t\t\t\t<div class=\"elementor-widget-container\">\n\t\t\t\t\t<h1 class=\"elementor-heading-title elementor-size-default\">Kupovina i prodaja nekretnina putem kriptovaluta<\/h1>\t\t\t\t<\/div>\n\t\t\t\t<\/div>\n\t\t\t\t<div class=\"elementor-element elementor-element-aa2d300 elementor-widget elementor-widget-text-editor\" data-id=\"aa2d300\" data-element_type=\"widget\" data-widget_type=\"text-editor.default\">\n\t\t\t\t<div class=\"elementor-widget-container\">\n\t\t\t\t\t\t\t\t\t<p>Bilo da \u017eelite da investirate u luksuznu vilu ili da prodate svoj stan, sada cijeli proces mo\u017eete zavr\u0161iti sigurno i efikasno \u2014 uz pla\u0107anje kriptovalutama. Na\u0161 tim omogu\u0107ava jednostavne i pouzdane transakcije koriste\u0107i savremenu blockchain tehnologiju, bez nepotrebne papirologije i komplikacija.<\/p>\t\t\t\t\t\t\t\t<\/div>\n\t\t\t\t<\/div>\n\t\t\t\t<div class=\"elementor-element elementor-element-34bd9c7 elementor-widget elementor-widget-heading\" data-id=\"34bd9c7\" data-element_type=\"widget\" data-widget_type=\"heading.default\">\n\t\t\t\t<div class=\"elementor-widget-container\">\n\t\t\t\t\t<h3 class=\"elementor-heading-title elementor-size-default\">Za\u0161to izabrati kupovinu ili prodaju putem kriptovalute?<\/h3>\t\t\t\t<\/div>\n\t\t\t\t<\/div>\n\t\t\t\t<div class=\"elementor-element elementor-element-19accd0 elementor-widget elementor-widget-text-editor\" data-id=\"19accd0\" data-element_type=\"widget\" data-widget_type=\"text-editor.default\">\n\t\t\t\t<div class=\"elementor-widget-container\">\n\t\t\t\t\t\t\t\t\t<ul><li data-start=\"766\" data-end=\"876\"><p data-start=\"768\" data-end=\"876\"><strong data-start=\"768\" data-end=\"800\">Br\u017ee i jednostavnije transakcije<\/strong><br data-start=\"800\" data-end=\"803\" \/>Bez bankarskih ka\u0161njenja i ograni\u010denja \u2014 pla\u0107anje ide direktno, od korisnika do korisnika.<\/p><\/li><li data-start=\"878\" data-end=\"990\"><p data-start=\"880\" data-end=\"990\"><strong data-start=\"880\" data-end=\"909\">Sigurnost i transparentnost<\/strong><br data-start=\"909\" data-end=\"912\" \/>Svaka transakcija bilje\u017ei se na blockchainu, \u0161to garantuje potpunu provjerljivost.<\/p><\/li><li data-start=\"992\" data-end=\"1077\"><p data-start=\"994\" data-end=\"1077\"><strong data-start=\"994\" data-end=\"1016\">Globalna fleksibilnost<\/strong><br data-start=\"1016\" data-end=\"1019\" \/>Kupujte ili prodajte bez valutnih barijera, gdje god da se nalazite.<\/p><\/li><\/ul>\t\t\t\t\t\t\t\t<\/div>\n\t\t\t\t<\/div>\n\t\t\t\t<div class=\"elementor-element elementor-element-5ae5dce elementor-widget elementor-widget-heading\" data-id=\"5ae5dce\" data-element_type=\"widget\" data-widget_type=\"heading.default\">\n\t\t\t\t<div class=\"elementor-widget-container\">\n\t\t\t\t\t<h3 class=\"elementor-heading-title elementor-size-default\">Kako funkcioni\u0161e?\n<\/h3>\t\t\t\t<\/div>\n\t\t\t\t<\/div>\n\t\t\t\t<div class=\"elementor-element elementor-element-4598ea0 elementor-widget elementor-widget-text-editor\" data-id=\"4598ea0\" data-element_type=\"widget\" data-widget_type=\"text-editor.default\">\n\t\t\t\t<div class=\"elementor-widget-container\">\n\t\t\t\t\t\t\t\t\t<ol><li data-start=\"1107\" data-end=\"1203\"><p data-start=\"1110\" data-end=\"1203\"><strong data-start=\"1110\" data-end=\"1129\">Kontaktirajte nas putem forme i recite da ste zainteresovani za transakciju uz kriptovalute.<\/strong> via the form and let us know you&#8217;re interested in a crypto transaction.<\/p><\/li><li data-start=\"1204\" data-end=\"1329\"><p data-start=\"1207\" data-end=\"1329\"><strong data-start=\"1207\" data-end=\"1232\">Mi preuzimamo cijeli proces<\/strong> provjeravamo dokumentaciju, brinemo o uskla\u0111enosti sa propisima i pripremamo notarski ugovor.<\/p><\/li><li data-start=\"1330\" data-end=\"1427\"><p data-start=\"1333\" data-end=\"1427\"><strong data-start=\"1333\" data-end=\"1372\">Sigurno izvr\u0161ite pla\u0107anje u kriptovalutama<\/strong> Sigurno izvr\u0161ite pla\u0107anje u kriptovalutama uz na\u0161u potpunu podr\u0161ku, sve do prenosa vlasni\u0161tva.<\/p><\/li><\/ol>\t\t\t\t\t\t\t\t<\/div>\n\t\t\t\t<\/div>\n\t\t\t\t<\/div>\n\t\t<div class=\"elementor-element elementor-element-0809762 e-con-full e-flex e-con e-child\" data-id=\"0809762\" data-element_type=\"container\">\n\t\t\t\t<div class=\"elementor-element elementor-element-f790fb7 elementor-button-align-stretch elementor-widget elementor-widget-houzez_elementor_inquiry_form\" data-id=\"f790fb7\" data-element_type=\"widget\" data-widget_type=\"houzez_elementor_inquiry_form.default\">\n\t\t\t\t<div class=\"elementor-widget-container\">\n\t\t\t\t\t\n        <script type=\"application\/javascript\">\n            jQuery(document).bind(\"ready\", function () {\n                houzezValidateElementor(\"#houzez-form-f790fb7\" );\n            });\n        <\/script>\n\n\n        <form class=\"elementor-form houzez-ele-form-js\" id=\"houzez-form-f790fb7\" method=\"post\" name=\"New Form\" action=\"https:\/\/galerijanekretnina.me\/wp-admin\/admin-ajax.php\">\n            <input type=\"hidden\" name=\"form_id\" value=\"f790fb7\"\/>\n            <input type=\"hidden\" name=\"action\" value=\"houzez_ele_inquiry_form\" \/>\n            <input type=\"hidden\" name=\"source_link\" value=\"https:\/\/galerijanekretnina.me\/sr_me\/inquiry-form\/\" \/>\n            <input type=\"hidden\" name=\"lead_page_id\" value=\"17149\" \/>\n            <input type=\"hidden\" name=\"is_estimation\" value=\"yes\" \/>\n            <input type=\"hidden\" name=\"webhook\" value=\"false\" \/>\n            <input type=\"hidden\" name=\"webhook_url\" value=\"\" \/>\n            <input type=\"hidden\" name=\"redirect_to\" value=\"\" \/>\n            <input type=\"hidden\" name=\"google_recaptcha\" value=\"yes\" \/>\n\n            <div class=\"elementor-form-fields-wrapper elementor-labels-above\">\n\n                                    <div class=\"elementor-field-group elementor-column form-group elementor-field-group-ba6c34c elementor-col-100 elementor-field-required\">\n                    <label for=\"form-field-ba6c34c\" class=\"form-label elementor-field-label\">Inquiry Type<\/label>        <div class=\"elementor-field elementor-select-wrapper\">\n            <select name=\"enquiry_type\" id=\"form-field-ba6c34c\" class=\"elementor-field-textual form-control elementor-size-md\" required=\"required\" title=\"* Inquiry Type\">\n                <option value=\"\">Odaberi<\/option><option value=\"Purchase\">Purchase<\/value><option value=\"Rent\"> Rent<\/value><option value=\"Sell\"> Sell<\/value><option value=\"Miss\"> Miss<\/value><option value=\"Evaluation\"> Evaluation<\/value><option value=\"Mortgage\"> Mortgage<\/value>            <\/select>\n        <\/div>\n                            <\/div>\n\n                                        <div class=\"elementor-field-group elementor-column form-group elementor-field-group-b7fe77d elementor-col-100 elementor-field-required\">\n                    <label for=\"form-field-b7fe77d\" class=\"form-label elementor-field-label\">Information<\/label>        <div class=\"elementor-field elementor-select-wrapper\">\n            <select name=\"user_type\" id=\"form-field-b7fe77d\" class=\"elementor-field-textual form-control elementor-size-md\" required=\"required\" title=\"* Information\">\n                <option value=\"\">I&#039;m a <\/option><option value=\"I am a real estate agent\">I&#039;m a real estate agent<\/option><option value=\"I am a property owner\">I&#039;m a property owner<\/option>            <\/select>\n        <\/div>\n                            <\/div>\n\n                                        <div class=\"elementor-field-group elementor-column form-group elementor-field-group-cc6b92f elementor-col-50 elementor-field-required\">\n                    <input type=\"text\" name=\"first_name\" id=\"form-field-cc6b92f\" class=\"elementor-field form-control elementor-size-md elementor-field-textual\" placeholder=\"First Name\" title=\"* First Name\" required=\"required\">                    <\/div>\n\n                                        <div class=\"elementor-field-group elementor-column form-group elementor-field-group-3cc124e elementor-col-50\">\n                    <input type=\"text\" name=\"last_name\" id=\"form-field-3cc124e\" class=\"elementor-field form-control elementor-size-md elementor-field-textual\" placeholder=\"Last Name\" title=\"* Last Name\">                    <\/div>\n\n                                        <div class=\"elementor-field-group elementor-column form-group elementor-field-group-932d82c elementor-col-100 elementor-field-required\">\n                    <input type=\"email\" name=\"email\" id=\"form-field-932d82c\" class=\"elementor-field form-control elementor-size-md elementor-field-textual\" placeholder=\"Email Address\" title=\"* Email Address\" required=\"required\">                    <\/div>\n\n                                        <div class=\"elementor-field-group elementor-column form-group elementor-field-group-2eaf20d elementor-col-50\">\n                    <label for=\"form-field-2eaf20d\" class=\"form-label elementor-field-label\">Lokacija<\/label>        <div class=\"elementor-field elementor-select-wrapper\">\n            <select name=\"e_meta[city]\" id=\"form-field-2eaf20d\" class=\"elementor-field-textual form-control elementor-size-md\">\n                <option value=\"\">Odaberi<\/option><option data-ref=\"bar\" data-belong=\"\" value=\"bar\"> Bar<\/option><option data-ref=\"berane\" data-belong=\"\" value=\"berane\"> Berane<\/option><option data-ref=\"bijelo-polje\" data-belong=\"\" value=\"bijelo-polje\"> Bijelo Polje<\/option><option data-ref=\"budva\" data-belong=\"\" value=\"budva\"> Budva<\/option><option data-ref=\"danilovgrad\" data-belong=\"\" value=\"danilovgrad\"> Danilovgrad<\/option><option data-ref=\"herceg-novi\" data-belong=\"\" value=\"herceg-novi\"> Herceg Novi<\/option><option data-ref=\"kotor\" data-belong=\"\" value=\"kotor\"> Kotor<\/option><option data-ref=\"niksic\" data-belong=\"\" value=\"niksic\"> Nik\u0161i\u0107<\/option><option data-ref=\"podgorica\" data-belong=\"\" value=\"podgorica\"> Podgorica<\/option><option data-ref=\"tivat\" data-belong=\"\" value=\"tivat\"> Tivat<\/option><option data-ref=\"ulcinj\" data-belong=\"\" value=\"ulcinj\"> Ulcinj<\/option>            <\/select>\n        <\/div>\n                            <\/div>\n\n                                        <div class=\"elementor-field-group elementor-column form-group elementor-field-group-f0ee6fc elementor-col-50\">\n                    <label for=\"form-field-f0ee6fc\" class=\"form-label elementor-field-label\">&nbsp;<\/label><input type=\"text\" name=\"e_meta[zipcode]\" id=\"form-field-f0ee6fc\" class=\"elementor-field form-control elementor-size-md elementor-field-textual\" placeholder=\"Zip Code\" title=\"* Zip Code\">                    <\/div>\n\n                                        <div class=\"elementor-field-group elementor-column form-group elementor-field-group-3180222 elementor-col-100 elementor-field-required\">\n                    <label for=\"form-field-3180222\" class=\"form-label elementor-field-label\">Property<\/label>        <div class=\"elementor-field elementor-select-wrapper\">\n            <select name=\"e_meta[property_type]\" id=\"form-field-3180222\" class=\"elementor-field-textual form-control elementor-size-md\" required=\"required\" title=\"* Property\">\n                <option value=\"\">Select type<\/option><option value=\"commercial\"> Poslovni prostori<\/option><option value=\"office\">-Kancelarije<\/option><option value=\"shop\">-Prodavnice<\/option><option value=\"plot\"> Placevi<\/option><option value=\"residential\"> Stambeni objekti<\/option><option value=\"apartment\">-Apartmani<\/option><option value=\"condo\">-Kondo<\/option><option value=\"multi-family-home\">-Vi\u0161eporodi\u010dna ku\u0107a<\/option><option value=\"single-family-home\">-Porodi\u010dna ku\u0107a<\/option><option value=\"studio\">-Garsonjera<\/option><option value=\"villa\">Vila<\/option>            <\/select>\n        <\/div>\n                            <\/div>\n\n                                        <div class=\"elementor-field-group elementor-column form-group elementor-field-group-72aea33 elementor-col-100\">\n                    <textarea class=\"elementor-field-textual elementor-field elementor-size-md\" name=\"message\" id=\"form-field-72aea33\" rows=\"4\" placeholder=\"Type your question or request here...\"><\/textarea>                    <\/div>\n\n                    \n                    \n                                        <div class=\"form-group elementor-field-group elementor-col-100\">\n                        <label class=\"control control--checkbox m-0\">\n                                                        <input required type=\"checkbox\" name=\"gdpr_agreement\" id=\"gdpr_agreement\" aria-required=\"true\">\n                            <span class=\"control__indicator\"><\/span>\n                                                        <div class=\"gdpr-text-wrap\">\n                            I consent to having this website store my submitted information                            <\/div>\n                            \n                        <\/label>\n                    <\/div><!-- form-group -->\n                    \n                                        <div class=\"\">\n                                            <\/div>\n                    \n                    <div class=\"elementor-field-group elementor-column elementor-field-type-submit elementor-col-100\">\n                    <button type=\"submit\" class=\"houzez-submit-button houzez-contact-form-js elementor-button elementor-size-md\">\n                        <i class=\"houzez-loader-js houzez-hidden spinner-border spinner-border-sm\"><\/i>\n                                                    Prijavi se                                            <\/button>\n                <\/div>\n            <\/div><!-- End wrapper-->\n            <br\/>\n            <div class=\"ele-form-messages\"><\/div>\n            <div class=\"error-container\"><\/div>\n\n        <\/form>\n\n    \t\t\t\t<\/div>\n\t\t\t\t<\/div>\n\t\t\t\t<\/div>\n\t\t\t\t\t<\/div>\n\t\t\t\t<\/div>\n\t\t\t\t<\/div>","protected":false},"excerpt":{"rendered":"<p>Buy and Sell Real Estate with Cryptocurrencies Whether you&#8217;re looking to invest in a luxury villa or sell your apartment, you can now complete the entire process securely and efficiently \u2014 using cryptocurrency payments. Our team makes transactions seamless with modern blockchain technology, without unnecessary paperwork or complications. Why choose to buy or sell with [&hellip;]<\/p>","protected":false},"author":1,"featured_media":0,"parent":0,"menu_order":0,"comment_status":"closed","ping_status":"closed","template":"template\/template-homepage.php","meta":{"content-type":"","_monsterinsights_skip_tracking":false,"_monsterinsights_sitenote_active":false,"_monsterinsights_sitenote_note":"","_monsterinsights_sitenote_category":0,"footnotes":""},"class_list":["post-17149","page","type-page","status-publish","hentry"],"_links":{"self":[{"href":"https:\/\/galerijanekretnina.me\/sr_me\/wp-json\/wp\/v2\/pages\/17149","targetHints":{"allow":["GET"]}}],"collection":[{"href":"https:\/\/galerijanekretnina.me\/sr_me\/wp-json\/wp\/v2\/pages"}],"about":[{"href":"https:\/\/galerijanekretnina.me\/sr_me\/wp-json\/wp\/v2\/types\/page"}],"author":[{"embeddable":true,"href":"https:\/\/galerijanekretnina.me\/sr_me\/wp-json\/wp\/v2\/users\/1"}],"replies":[{"embeddable":true,"href":"https:\/\/galerijanekretnina.me\/sr_me\/wp-json\/wp\/v2\/comments?post=17149"}],"version-history":[{"count":24,"href":"https:\/\/galerijanekretnina.me\/sr_me\/wp-json\/wp\/v2\/pages\/17149\/revisions"}],"predecessor-version":[{"id":20389,"href":"https:\/\/galerijanekretnina.me\/sr_me\/wp-json\/wp\/v2\/pages\/17149\/revisions\/20389"}],"wp:attachment":[{"href":"https:\/\/galerijanekretnina.me\/sr_me\/wp-json\/wp\/v2\/media?parent=17149"}],"curies":[{"name":"wp","href":"https:\/\/api.w.org\/{rel}","templated":true}]}}